{"id":2623,"date":"2023-11-05T23:58:31","date_gmt":"2023-11-05T22:58:31","guid":{"rendered":"https:\/\/www.kamperi.hr\/?post_type=product&#038;p=2623"},"modified":"2023-11-06T00:05:58","modified_gmt":"2023-11-05T23:05:58","slug":"crespo-deluxe-stolice-i-superb-130cm","status":"publish","type":"product","link":"https:\/\/www.kamperi.hr\/en\/shop\/crespo-deluxe-stolice-i-superb-130cm\/","title":{"rendered":"Crespo deluxe chairs and table Superb 130cm"},"content":{"rendered":"<p>Crespo Deluxe stolica i stol Superb 130vm predstavljaju vrhunac industrije kampiranja, spoj udobnosti, prakti\u010dnosti i izdr\u017eljivosti. Stolica nudi visokokvalitetnu izradu s udobnim naslonom za le\u0111a i podesivim naslonom za glavu, pru\u017eaju\u0107i vam savr\u0161eno mjesto za opu\u0161tanje u prirodi.<\/p>\n<div class=\"flex h-full flex-col\" role=\"presentation\" style=\"--tw-border-spacing-x:0;--tw-border-spacing-y:0;--tw-translate-x:0;--tw-translate-y:0;--tw-rotate:0;--tw-skew-x:0;--tw-skew-y:0;--tw-scale-x:1;--tw-scale-y:1;--tw-pan-x:;--tw-pan-y:;--tw-pinch-zoom:;--tw-scroll-snap-strictness:proximity;--tw-gradient-from-position:;--tw-gradient-via-position:;--tw-gradient-to-position:;--tw-ordinal:;--tw-slashed-zero:;--tw-numeric-figure:;--tw-numeric-spacing:;--tw-numeric-fraction:;--tw-ring-inset:;--tw-ring-offset-width:0px;--tw-ring-offset-color:#fff;--tw-ring-offset-shadow:00transparent;--tw-ring-shadow:00transparent;--tw-shadow:00transparent;--tw-shadow-colored:00transparent;--tw-blur:;--tw-brightness:;--tw-contrast:;--tw-grayscale:;--tw-hue-rotate:;--tw-invert:;--tw-saturate:;--tw-sepia:;--tw-drop-shadow:;--tw-backdrop-blur:;--tw-backdrop-brightness:;--tw-backdrop-contrast:;--tw-backdrop-grayscale:;--tw-backdrop-hue-rotate:;--tw-backdrop-invert:;--tw-backdrop-opacity:;--tw-backdrop-saturate:;--tw-backdrop-sepia:;height:744.286px;flex-direction:column\">\n<div class=\"flex-1 overflow-hidden\" style=\"--tw-border-spacing-x:0;--tw-border-spacing-y:0;--tw-translate-x:0;--tw-translate-y:0;--tw-rotate:0;--tw-skew-x:0;--tw-skew-y:0;--tw-scale-x:1;--tw-scale-y:1;--tw-pan-x:;--tw-pan-y:;--tw-pinch-zoom:;--tw-scroll-snap-strictness:proximity;--tw-gradient-from-position:;--tw-gradient-via-position:;--tw-gradient-to-position:;--tw-ordinal:;--tw-slashed-zero:;--tw-numeric-figure:;--tw-numeric-spacing:;--tw-numeric-fraction:;--tw-ring-inset:;--tw-ring-offset-width:0px;--tw-ring-offset-color:#fff;--tw-ring-offset-shadow:00transparent;--tw-ring-shadow:00transparent;--tw-shadow:00transparent;--tw-shadow-colored:00transparent;--tw-blur:;--tw-brightness:;--tw-contrast:;--tw-grayscale:;--tw-hue-rotate:;--tw-invert:;--tw-saturate:;--tw-sepia:;--tw-drop-shadow:;--tw-backdrop-blur:;--tw-backdrop-brightness:;--tw-backdrop-contrast:;--tw-backdrop-grayscale:;--tw-backdrop-hue-rotate:;--tw-backdrop-invert:;--tw-backdrop-opacity:;--tw-backdrop-saturate:;--tw-backdrop-sepia:;flex:110%;overflow:hidden\">\n<div class=\"react-scroll-to-bottom--css-jgmgi-79elbk h-full\" style=\"--tw-border-spacing-x:0;--tw-border-spacing-y:0;--tw-translate-x:0;--tw-translate-y:0;--tw-rotate:0;--tw-skew-x:0;--tw-skew-y:0;--tw-scale-x:1;--tw-scale-y:1;--tw-pan-x:;--tw-pan-y:;--tw-pinch-zoom:;--tw-scroll-snap-strictness:proximity;--tw-gradient-from-position:;--tw-gradient-via-position:;--tw-gradient-to-position:;--tw-ordinal:;--tw-slashed-zero:;--tw-numeric-figure:;--tw-numeric-spacing:;--tw-numeric-fraction:;--tw-ring-inset:;--tw-ring-offset-width:0px;--tw-ring-offset-color:#fff;--tw-ring-offset-shadow:00transparent;--tw-ring-shadow:00transparent;--tw-shadow:00transparent;--tw-shadow-colored:00transparent;--tw-blur:;--tw-brightness:;--tw-contrast:;--tw-grayscale:;--tw-hue-rotate:;--tw-invert:;--tw-saturate:;--tw-sepia:;--tw-drop-shadow:;--tw-backdrop-blur:;--tw-backdrop-brightness:;--tw-backdrop-contrast:;--tw-backdrop-grayscale:;--tw-backdrop-hue-rotate:;--tw-backdrop-invert:;--tw-backdrop-opacity:;--tw-backdrop-saturate:;--tw-backdrop-sepia:;height:744.286px;position:relative\">\n<div class=\"react-scroll-to-bottom--css-jgmgi-1n7m0yu\" style=\"--tw-border-spacing-x:0;--tw-border-spacing-y:0;--tw-translate-x:0;--tw-translate-y:0;--tw-rotate:0;--tw-skew-x:0;--tw-skew-y:0;--tw-scale-x:1;--tw-scale-y:1;--tw-pan-x:;--tw-pan-y:;--tw-pinch-zoom:;--tw-scroll-snap-strictness:proximity;--tw-gradient-from-position:;--tw-gradient-via-position:;--tw-gradient-to-position:;--tw-ordinal:;--tw-slashed-zero:;--tw-numeric-figure:;--tw-numeric-spacing:;--tw-numeric-fraction:;--tw-ring-inset:;--tw-ring-offset-width:0px;--tw-ring-offset-color:#fff;--tw-ring-offset-shadow:00transparent;--tw-ring-shadow:00transparent;--tw-shadow:00transparent;--tw-shadow-colored:00transparent;--tw-blur:;--tw-brightness:;--tw-contrast:;--tw-grayscale:;--tw-hue-rotate:;--tw-invert:;--tw-saturate:;--tw-sepia:;--tw-drop-shadow:;--tw-backdrop-blur:;--tw-backdrop-brightness:;--tw-backdrop-contrast:;--tw-backdrop-grayscale:;--tw-backdrop-hue-rotate:;--tw-backdrop-invert:;--tw-backdrop-opacity:;--tw-backdrop-saturate:;--tw-backdrop-sepia:;height:744.286px;width:412px\">\n<div class=\"flex flex-col text-sm gizmo:pb-9 dark:bg-gray-800 gizmo:dark:bg-transparent\" style=\"--tw-border-spacing-x:0;--tw-border-spacing-y:0;--tw-translate-x:0;--tw-translate-y:0;--tw-rotate:0;--tw-skew-x:0;--tw-skew-y:0;--tw-scale-x:1;--tw-scale-y:1;--tw-pan-x:;--tw-pan-y:;--tw-pinch-zoom:;--tw-scroll-snap-strictness:proximity;--tw-gradient-from-position:;--tw-gradient-via-position:;--tw-gradient-to-position:;--tw-ordinal:;--tw-slashed-zero:;--tw-numeric-figure:;--tw-numeric-spacing:;--tw-numeric-fraction:;--tw-ring-inset:;--tw-ring-offset-width:0px;--tw-ring-offset-color:#fff;--tw-ring-offset-shadow:00transparent;--tw-ring-shadow:00transparent;--tw-shadow:00transparent;--tw-shadow-colored:00transparent;--tw-blur:;--tw-brightness:;--tw-contrast:;--tw-grayscale:;--tw-hue-rotate:;--tw-invert:;--tw-saturate:;--tw-sepia:;--tw-drop-shadow:;--tw-backdrop-blur:;--tw-backdrop-brightness:;--tw-backdrop-contrast:;--tw-backdrop-grayscale:;--tw-backdrop-hue-rotate:;--tw-backdrop-invert:;--tw-backdrop-opacity:;--tw-backdrop-saturate:;--tw-backdrop-sepia:;flex-direction:column;font-size:0.875rem;line-height:1.25rem\">\n<div class=\"group w-full text-token-text-primary border-b border-black\/10 gizmo:border-0 dark:border-gray-900\/50 gizmo:dark:border-0 bg-gray-50 gizmo:bg-transparent dark:bg-[#444654] gizmo:dark:bg-transparent\" data-testid=\"conversation-turn-3\" style=\"border-width:0px0px1px;border-style:solid;--tw-border-spacing-x:0;--tw-border-spacing-y:0;--tw-translate-x:0;--tw-translate-y:0;--tw-rotate:0;--tw-skew-x:0;--tw-skew-y:0;--tw-scale-x:1;--tw-scale-y:1;--tw-pan-x:;--tw-pan-y:;--tw-pinch-zoom:;--tw-scroll-snap-strictness:proximity;--tw-gradient-from-position:;--tw-gradient-via-position:;--tw-gradient-to-position:;--tw-ordinal:;--tw-slashed-zero:;--tw-numeric-figure:;--tw-numeric-spacing:;--tw-numeric-fraction:;--tw-ring-inset:;--tw-ring-offset-width:0px;--tw-ring-offset-color:#fff;--tw-ring-offset-shadow:00transparent;--tw-ring-shadow:00transparent;--tw-shadow:00transparent;--tw-shadow-colored:00transparent;--tw-blur:;--tw-brightness:;--tw-contrast:;--tw-grayscale:;--tw-hue-rotate:;--tw-invert:;--tw-saturate:;--tw-sepia:;--tw-drop-shadow:;--tw-backdrop-blur:;--tw-backdrop-brightness:;--tw-backdrop-contrast:;--tw-backdrop-grayscale:;--tw-backdrop-hue-rotate:;--tw-backdrop-invert:;--tw-backdrop-opacity:;--tw-backdrop-saturate:;--tw-backdrop-sepia:;width:404px;--tw-bg-opacity:1;color:var(--text-primary);--avatar-color:#19c37d\">\n<div class=\"p-4 gizmo:py-2 justify-center text-base md:gap-6 md:py-6 m-auto\" style=\"--tw-border-spacing-x:0;--tw-border-spacing-y:0;--tw-translate-x:0;--tw-translate-y:0;--tw-rotate:0;--tw-skew-x:0;--tw-skew-y:0;--tw-scale-x:1;--tw-scale-y:1;--tw-pan-x:;--tw-pan-y:;--tw-pinch-zoom:;--tw-scroll-snap-strictness:proximity;--tw-gradient-from-position:;--tw-gradient-via-position:;--tw-gradient-to-position:;--tw-ordinal:;--tw-slashed-zero:;--tw-numeric-figure:;--tw-numeric-spacing:;--tw-numeric-fraction:;--tw-ring-inset:;--tw-ring-offset-width:0px;--tw-ring-offset-color:#fff;--tw-ring-offset-shadow:00transparent;--tw-ring-shadow:00transparent;--tw-shadow:00transparent;--tw-shadow-colored:00transparent;--tw-blur:;--tw-brightness:;--tw-contrast:;--tw-grayscale:;--tw-hue-rotate:;--tw-invert:;--tw-saturate:;--tw-sepia:;--tw-drop-shadow:;--tw-backdrop-blur:;--tw-backdrop-brightness:;--tw-backdrop-contrast:;--tw-backdrop-grayscale:;--tw-backdrop-hue-rotate:;--tw-backdrop-invert:;--tw-backdrop-opacity:;--tw-backdrop-saturate:;--tw-backdrop-sepia:;margin:auto;justify-content:center;padding:1rem;font-size:1rem;line-height:1.5rem\">\n<div class=\"flex flex-1 gap-4 text-base mx-auto md:gap-6 gizmo:gap-3 gizmo:md:px-5 gizmo:lg:px-1 gizmo:xl:px-5 md:max-w-2xl lg:max-w-[38rem] gizmo:md:max-w-3xl gizmo:lg:max-w-[40rem] gizmo:xl:max-w-[48rem] xl:max-w-3xl }\" style=\"--tw-border-spacing-x:0;--tw-border-spacing-y:0;--tw-translate-x:0;--tw-translate-y:0;--tw-rotate:0;--tw-skew-x:0;--tw-skew-y:0;--tw-scale-x:1;--tw-scale-y:1;--tw-pan-x:;--tw-pan-y:;--tw-pinch-zoom:;--tw-scroll-snap-strictness:proximity;--tw-gradient-from-position:;--tw-gradient-via-position:;--tw-gradient-to-position:;--tw-ordinal:;--tw-slashed-zero:;--tw-numeric-figure:;--tw-numeric-spacing:;--tw-numeric-fraction:;--tw-ring-inset:;--tw-ring-offset-width:0px;--tw-ring-offset-color:#fff;--tw-ring-offset-shadow:00transparent;--tw-ring-shadow:00transparent;--tw-shadow:00transparent;--tw-shadow-colored:00transparent;--tw-blur:;--tw-brightness:;--tw-contrast:;--tw-grayscale:;--tw-hue-rotate:;--tw-invert:;--tw-saturate:;--tw-sepia:;--tw-drop-shadow:;--tw-backdrop-blur:;--tw-backdrop-brightness:;--tw-backdrop-contrast:;--tw-backdrop-grayscale:;--tw-backdrop-hue-rotate:;--tw-backdrop-invert:;--tw-backdrop-opacity:;--tw-backdrop-saturate:;--tw-backdrop-sepia:;margin-left:auto;margin-right:auto;flex:110%;gap:1rem;font-size:1rem;line-height:1.5rem\">\n<div class=\"relative flex w-[calc(100%-50px)] flex-col gizmo:w-full lg:w-[calc(100%-115px)] agent-turn\" style=\"--tw-border-spacing-x:0;--tw-border-spacing-y:0;--tw-translate-x:0;--tw-translate-y:0;--tw-rotate:0;--tw-skew-x:0;--tw-skew-y:0;--tw-scale-x:1;--tw-scale-y:1;--tw-pan-x:;--tw-pan-y:;--tw-pinch-zoom:;--tw-scroll-snap-strictness:proximity;--tw-gradient-from-position:;--tw-gradient-via-position:;--tw-gradient-to-position:;--tw-ordinal:;--tw-slashed-zero:;--tw-numeric-figure:;--tw-numeric-spacing:;--tw-numeric-fraction:;--tw-ring-inset:;--tw-ring-offset-width:0px;--tw-ring-offset-color:#fff;--tw-ring-offset-shadow:00transparent;--tw-ring-shadow:00transparent;--tw-shadow:00transparent;--tw-shadow-colored:00transparent;--tw-blur:;--tw-brightness:;--tw-contrast:;--tw-grayscale:;--tw-hue-rotate:;--tw-invert:;--tw-saturate:;--tw-sepia:;--tw-drop-shadow:;--tw-backdrop-blur:;--tw-backdrop-brightness:;--tw-backdrop-contrast:;--tw-backdrop-grayscale:;--tw-backdrop-hue-rotate:;--tw-backdrop-invert:;--tw-backdrop-opacity:;--tw-backdrop-saturate:;--tw-backdrop-sepia:;position:relative;width:calc(100%-50px);flex-direction:column\">\n<div class=\"flex-col gap-1 md:gap-3\" style=\"--tw-border-spacing-x:0;--tw-border-spacing-y:0;--tw-translate-x:0;--tw-translate-y:0;--tw-rotate:0;--tw-skew-x:0;--tw-skew-y:0;--tw-scale-x:1;--tw-scale-y:1;--tw-pan-x:;--tw-pan-y:;--tw-pinch-zoom:;--tw-scroll-snap-strictness:proximity;--tw-gradient-from-position:;--tw-gradient-via-position:;--tw-gradient-to-position:;--tw-ordinal:;--tw-slashed-zero:;--tw-numeric-figure:;--tw-numeric-spacing:;--tw-numeric-fraction:;--tw-ring-inset:;--tw-ring-offset-width:0px;--tw-ring-offset-color:#fff;--tw-ring-offset-shadow:00transparent;--tw-ring-shadow:00transparent;--tw-shadow:00transparent;--tw-shadow-colored:00transparent;--tw-blur:;--tw-brightness:;--tw-contrast:;--tw-grayscale:;--tw-hue-rotate:;--tw-invert:;--tw-saturate:;--tw-sepia:;--tw-drop-shadow:;--tw-backdrop-blur:;--tw-backdrop-brightness:;--tw-backdrop-contrast:;--tw-backdrop-grayscale:;--tw-backdrop-hue-rotate:;--tw-backdrop-invert:;--tw-backdrop-opacity:;--tw-backdrop-saturate:;--tw-backdrop-sepia:;flex-direction:column;gap:0.25rem\">\n<div class=\"flex flex-grow flex-col max-w-full gap-3 gizmo:gap-0\" style=\"--tw-border-spacing-x:0;--tw-border-spacing-y:0;--tw-translate-x:0;--tw-translate-y:0;--tw-rotate:0;--tw-skew-x:0;--tw-skew-y:0;--tw-scale-x:1;--tw-scale-y:1;--tw-pan-x:;--tw-pan-y:;--tw-pinch-zoom:;--tw-scroll-snap-strictness:proximity;--tw-gradient-from-position:;--tw-gradient-via-position:;--tw-gradient-to-position:;--tw-ordinal:;--tw-slashed-zero:;--tw-numeric-figure:;--tw-numeric-spacing:;--tw-numeric-fraction:;--tw-ring-inset:;--tw-ring-offset-width:0px;--tw-ring-offset-color:#fff;--tw-ring-offset-shadow:00transparent;--tw-ring-shadow:00transparent;--tw-shadow:00transparent;--tw-shadow-colored:00transparent;--tw-blur:;--tw-brightness:;--tw-contrast:;--tw-grayscale:;--tw-hue-rotate:;--tw-invert:;--tw-saturate:;--tw-sepia:;--tw-drop-shadow:;--tw-backdrop-blur:;--tw-backdrop-brightness:;--tw-backdrop-contrast:;--tw-backdrop-grayscale:;--tw-backdrop-hue-rotate:;--tw-backdrop-invert:;--tw-backdrop-opacity:;--tw-backdrop-saturate:;--tw-backdrop-sepia:;max-width:100%;flex-grow:1;flex-direction:column;gap:0.75rem\">\n<div class=\"min-h-[20px] flex flex-col items-start gap-3 whitespace-pre-wrap break-words overflow-x-auto\" data-message-author-role=\"assistant\" data-message-id=\"82aa94c1-107d-4ac7-a9ef-a6928b6689c3\" style=\"--tw-border-spacing-x:0;--tw-border-spacing-y:0;--tw-translate-x:0;--tw-translate-y:0;--tw-rotate:0;--tw-skew-x:0;--tw-skew-y:0;--tw-scale-x:1;--tw-scale-y:1;--tw-pan-x:;--tw-pan-y:;--tw-pinch-zoom:;--tw-scroll-snap-strictness:proximity;--tw-gradient-from-position:;--tw-gradient-via-position:;--tw-gradient-to-position:;--tw-ordinal:;--tw-slashed-zero:;--tw-numeric-figure:;--tw-numeric-spacing:;--tw-numeric-fraction:;--tw-ring-inset:;--tw-ring-offset-width:0px;--tw-ring-offset-color:#fff;--tw-ring-offset-shadow:00transparent;--tw-ring-shadow:00transparent;--tw-shadow:00transparent;--tw-shadow-colored:00transparent;--tw-blur:;--tw-brightness:;--tw-contrast:;--tw-grayscale:;--tw-hue-rotate:;--tw-invert:;--tw-saturate:;--tw-sepia:;--tw-drop-shadow:;--tw-backdrop-blur:;--tw-backdrop-brightness:;--tw-backdrop-contrast:;--tw-backdrop-grayscale:;--tw-backdrop-hue-rotate:;--tw-backdrop-invert:;--tw-backdrop-opacity:;--tw-backdrop-saturate:;--tw-backdrop-sepia:;min-height:20px;flex-direction:column;align-items:flex-start;gap:0.75rem\">\n<div class=\"markdown prose w-full break-words dark:prose-invert light\" style=\"--tw-border-spacing-x:0;--tw-border-spacing-y:0;--tw-translate-x:0;--tw-translate-y:0;--tw-rotate:0;--tw-skew-x:0;--tw-skew-y:0;--tw-scale-x:1;--tw-scale-y:1;--tw-pan-x:;--tw-pan-y:;--tw-pinch-zoom:;--tw-scroll-snap-strictness:proximity;--tw-gradient-from-position:;--tw-gradient-via-position:;--tw-gradient-to-position:;--tw-ordinal:;--tw-slashed-zero:;--tw-numeric-figure:;--tw-numeric-spacing:;--tw-numeric-fraction:;--tw-ring-inset:;--tw-ring-offset-width:0px;--tw-ring-offset-color:#fff;--tw-ring-offset-shadow:00transparent;--tw-ring-shadow:00transparent;--tw-shadow:00transparent;--tw-shadow-colored:00transparent;--tw-blur:;--tw-brightness:;--tw-contrast:;--tw-grayscale:;--tw-hue-rotate:;--tw-invert:;--tw-saturate:;--tw-sepia:;--tw-drop-shadow:;--tw-backdrop-blur:;--tw-backdrop-brightness:;--tw-backdrop-contrast:;--tw-backdrop-grayscale:;--tw-backdrop-hue-rotate:;--tw-backdrop-invert:;--tw-backdrop-opacity:;--tw-backdrop-saturate:;--tw-backdrop-sepia:;color:var(--tw-prose-body);max-width:none;--tw-prose-body:#374151;--tw-prose-headings:#111827;--tw-prose-lead:#4b5563;--tw-prose-links:#111827;--tw-prose-bold:#111827;--tw-prose-counters:#6b7280;--tw-prose-bullets:#d1d5db;--tw-prose-hr:#e5e7eb;--tw-prose-quotes:#111827;--tw-prose-quote-borders:#e5e7eb;--tw-prose-captions:#6b7280;--tw-prose-code:#111827;--tw-prose-pre-code:#e5e7eb;--tw-prose-pre-bg:#1f2937;--tw-prose-th-borders:#d1d5db;--tw-prose-td-borders:#e5e7eb;--tw-prose-invert-body:#d1d5db;--tw-prose-invert-headings:#fff;--tw-prose-invert-lead:#9ca3af;--tw-prose-invert-links:#fff;--tw-prose-invert-bold:#fff;--tw-prose-invert-counters:#9ca3af;--tw-prose-invert-bullets:#4b5563;--tw-prose-invert-hr:#374151;--tw-prose-invert-quotes:#f3f4f6;--tw-prose-invert-quote-borders:#374151;--tw-prose-invert-captions:#9ca3af;--tw-prose-invert-code:#fff;--tw-prose-invert-pre-code:#d1d5db;--tw-prose-invert-th-borders:#4b5563;--tw-prose-invert-td-borders:#374151;font-size:1rem;line-height:1.75;width:320px\">\n<p style=\"--tw-border-spacing-x:0;--tw-border-spacing-y:0;--tw-translate-x:0;--tw-translate-y:0;--tw-rotate:0;--tw-skew-x:0;--tw-skew-y:0;--tw-scale-x:1;--tw-scale-y:1;--tw-pan-x:;--tw-pan-y:;--tw-pinch-zoom:;--tw-scroll-snap-strictness:proximity;--tw-gradient-from-position:;--tw-gradient-via-position:;--tw-gradient-to-position:;--tw-ordinal:;--tw-slashed-zero:;--tw-numeric-figure:;--tw-numeric-spacing:;--tw-numeric-fraction:;--tw-ring-inset:;--tw-ring-offset-width:0px;--tw-ring-offset-color:#fff;--tw-ring-offset-shadow:00transparent;--tw-ring-shadow:00transparent;--tw-shadow:00transparent;--tw-shadow-colored:00transparent;--tw-blur:;--tw-brightness:;--tw-contrast:;--tw-grayscale:;--tw-hue-rotate:;--tw-invert:;--tw-saturate:;--tw-sepia:;--tw-drop-shadow:;--tw-backdrop-blur:;--tw-backdrop-brightness:;--tw-backdrop-contrast:;--tw-backdrop-grayscale:;--tw-backdrop-hue-rotate:;--tw-backdrop-invert:;--tw-backdrop-opacity:;--tw-backdrop-saturate:;--tw-backdrop-sepia:;margin:1.25em0px\">Stol Superb 130cm tako\u0111er je impresivan &#8211; izra\u0111en je od \u010dvrstih materijala, vodootporan i otporan na temp.,lagan je za preno\u0161enje. Ima dovoljno prostora za obroke ili igre na otvorenom, s visokokvalitetnom povr\u0161inom koja je laka za \u010di\u0161\u0107enje. Oba proizvoda su jednostavni za postavljanje i rasklapanje, \u0161to \u010dini kampiranje jo\u0161 prakti\u010dnijim.<\/p>\n<p style=\"--tw-border-spacing-x:0;--tw-border-spacing-y:0;--tw-translate-x:0;--tw-translate-y:0;--tw-rotate:0;--tw-skew-x:0;--tw-skew-y:0;--tw-scale-x:1;--tw-scale-y:1;--tw-pan-x:;--tw-pan-y:;--tw-pinch-zoom:;--tw-scroll-snap-strictness:proximity;--tw-gradient-from-position:;--tw-gradient-via-position:;--tw-gradient-to-position:;--tw-ordinal:;--tw-slashed-zero:;--tw-numeric-figure:;--tw-numeric-spacing:;--tw-numeric-fraction:;--tw-ring-inset:;--tw-ring-offset-width:0px;--tw-ring-offset-color:#fff;--tw-ring-offset-shadow:00transparent;--tw-ring-shadow:00transparent;--tw-shadow:00transparent;--tw-shadow-colored:00transparent;--tw-blur:;--tw-brightness:;--tw-contrast:;--tw-grayscale:;--tw-hue-rotate:;--tw-invert:;--tw-saturate:;--tw-sepia:;--tw-drop-shadow:;--tw-backdrop-blur:;--tw-backdrop-brightness:;--tw-backdrop-contrast:;--tw-backdrop-grayscale:;--tw-backdrop-hue-rotate:;--tw-backdrop-invert:;--tw-backdrop-opacity:;--tw-backdrop-saturate:;--tw-backdrop-sepia:;margin:1.25em0px0px\">Crespo Deluxe stolica i stol Superb 130vm su definitivno najbolji izbor za one koji \u017eele u\u017eivati u udobnosti i funkcionalnosti tijekom svojih avantura na otvorenom.<\/p>\n<\/div>\n<\/div>\n<\/div>\n<\/div>\n<\/div>\n<\/div>\n<\/div>\n<\/div>\n<\/div>\n<\/div>\n<\/div>\n<\/div>\n<\/div>\n","protected":false},"excerpt":{"rendered":"<p>one-time rental camper<\/p>","protected":false},"featured_media":2620,"comment_status":"open","ping_status":"closed","template":"","meta":{"_monsterinsights_skip_tracking":false,"_monsterinsights_sitenote_active":false,"_monsterinsights_sitenote_note":"","_monsterinsights_sitenote_category":0,"_uf_show_specific_survey":0,"_uf_disable_surveys":false,"jetpack_publicize_message":"","jetpack_publicize_feature_enabled":true,"jetpack_social_post_already_shared":true,"jetpack_social_options":{"image_generator_settings":{"template":"highway","default_image_id":0,"font":"","enabled":false},"version":2}},"product_brand":[],"product_cat":[68,45,165],"product_tag":[],"class_list":{"0":"post-2623","1":"product","2":"type-product","3":"status-publish","4":"has-post-thumbnail","6":"product_cat-accessories","7":"product_cat-camping","8":"product_cat-najam","10":"first","11":"instock","12":"virtual","13":"taxable","14":"purchasable","15":"product-type-simple"},"aioseo_notices":[],"jetpack_publicize_connections":[],"jetpack_likes_enabled":true,"_links":{"self":[{"href":"https:\/\/www.kamperi.hr\/en\/wp-json\/wp\/v2\/product\/2623","targetHints":{"allow":["GET"]}}],"collection":[{"href":"https:\/\/www.kamperi.hr\/en\/wp-json\/wp\/v2\/product"}],"about":[{"href":"https:\/\/www.kamperi.hr\/en\/wp-json\/wp\/v2\/types\/product"}],"replies":[{"embeddable":true,"href":"https:\/\/www.kamperi.hr\/en\/wp-json\/wp\/v2\/comments?post=2623"}],"version-history":[{"count":0,"href":"https:\/\/www.kamperi.hr\/en\/wp-json\/wp\/v2\/product\/2623\/revisions"}],"wp:featuredmedia":[{"embeddable":true,"href":"https:\/\/www.kamperi.hr\/en\/wp-json\/wp\/v2\/media\/2620"}],"wp:attachment":[{"href":"https:\/\/www.kamperi.hr\/en\/wp-json\/wp\/v2\/media?parent=2623"}],"wp:term":[{"taxonomy":"product_brand","embeddable":true,"href":"https:\/\/www.kamperi.hr\/en\/wp-json\/wp\/v2\/product_brand?post=2623"},{"taxonomy":"product_cat","embeddable":true,"href":"https:\/\/www.kamperi.hr\/en\/wp-json\/wp\/v2\/product_cat?post=2623"},{"taxonomy":"product_tag","embeddable":true,"href":"https:\/\/www.kamperi.hr\/en\/wp-json\/wp\/v2\/product_tag?post=2623"}],"curies":[{"name":"wp","href":"https:\/\/api.w.org\/{rel}","templated":true}]}}